{"id":16,"date":"2016-09-16T08:48:14","date_gmt":"2016-09-16T14:48:14","guid":{"rendered":"http:\/\/www.stellamaris.edu.uy\/revistapresencia\/?page_id=16"},"modified":"2016-12-05T08:29:32","modified_gmt":"2016-12-05T14:29:32","slug":"contacto","status":"publish","type":"page","link":"https:\/\/www.stellamaris.edu.uy\/revistapresencia\/contacto\/","title":{"rendered":"Contacto"},"content":{"rendered":"<p>Colegio Stella Maris<\/p>\n<p><a href=\"http:\/\/www.stellamaris.edu.uy\/\">http:\/\/www.stellamaris.edu.uy\/<\/a><br \/>\nM\u00e1ximo Tajes 7359, 11500<br \/>\nMontevideo \u2013 Uruguay<\/p>\n<p>Secretar\u00eda de Direcci\u00f3n General:<br \/>\n<a href=\"mailto:secdirecciongeneral@stellamris.edu.uy\">secdirecciongeneral@stellamris.edu.uy<\/a><\/p>\n<p>Comit\u00e9 editor:<br \/>\nLic. M\u00e1ximo N\u00fa\u00f1ez<br \/>\n<a href=\"mailto:mnunez@stellamaris.edu.uy\">mnunez@stellamaris.edu.uy<\/a><br \/>\nProf. Andrea Figarola<br \/>\n<a href=\"mailto:afigarola@stellamaris.edu.uy\">afigarola@stellamaris.edu.uy<\/a><br \/>\nProf. Mariana Bustos<br \/>\n<a href=\"mailto:mbustos@stellamaris.edu.uy\">mbustos@stellamaris.edu.uy<\/a><\/p>\n","protected":false},"excerpt":{"rendered":"<p>Colegio Stella Maris http:\/\/www.stellamaris.edu.uy\/ M\u00e1ximo Tajes 7359, 11500 Montevideo \u2013 Uruguay Secretar\u00eda de Direcci\u00f3n General: secdirecciongeneral@stellamris.edu.uy Comit\u00e9 editor: Lic. M\u00e1ximo N\u00fa\u00f1ez mnunez@stellamaris.edu.uy Prof. Andrea Figarola afigarola@stellamaris.edu.uy Prof. Mariana Bustos mbustos@stellamaris.edu.uy<\/p>\n","protected":false},"author":1,"featured_media":0,"parent":0,"menu_order":11,"comment_status":"closed","ping_status":"closed","template":"","meta":[],"_links":{"self":[{"href":"https:\/\/www.stellamaris.edu.uy\/revistapresencia\/wp-json\/wp\/v2\/pages\/16"}],"collection":[{"href":"https:\/\/www.stellamaris.edu.uy\/revistapresencia\/wp-json\/wp\/v2\/pages"}],"about":[{"href":"https:\/\/www.stellamaris.edu.uy\/revistapresencia\/wp-json\/wp\/v2\/types\/page"}],"author":[{"embeddable":true,"href":"https:\/\/www.stellamaris.edu.uy\/revistapresencia\/wp-json\/wp\/v2\/users\/1"}],"replies":[{"embeddable":true,"href":"https:\/\/www.stellamaris.edu.uy\/revistapresencia\/wp-json\/wp\/v2\/comments?post=16"}],"version-history":[{"count":17,"href":"https:\/\/www.stellamaris.edu.uy\/revistapresencia\/wp-json\/wp\/v2\/pages\/16\/revisions"}],"predecessor-version":[{"id":232,"href":"https:\/\/www.stellamaris.edu.uy\/revistapresencia\/wp-json\/wp\/v2\/pages\/16\/revisions\/232"}],"wp:attachment":[{"href":"https:\/\/www.stellamaris.edu.uy\/revistapresencia\/wp-json\/wp\/v2\/media?parent=16"}],"curies":[{"name":"wp","href":"https:\/\/api.w.org\/{rel}","templated":true}]}}